{"id":452,"date":"2016-07-04T17:14:10","date_gmt":"2016-07-04T21:14:10","guid":{"rendered":"http:\/\/162.243.91.38\/?page_id=452"},"modified":"2016-07-04T17:14:10","modified_gmt":"2016-07-04T21:14:10","slug":"modulo-frota","status":"publish","type":"page","link":"https:\/\/lamper.com.br\/?page_id=452","title":{"rendered":"M\u00f3dulo Frota"},"content":{"rendered":"<div>\n<p style=\"text-align: justify;\"><img class=\"alignleft\" src=\"http:\/\/www.prodata.inf.br\/images\/prodata\/modFrota.jpg\" alt=\"\" width=\"400\" align=\"right\" border=\"0\" \/><\/p>\n<div class=\"page-header\">\n<h2>M\u00f3dulo Frota<\/h2>\n<\/div>\n<div>\n<h4>O QUE \u00c9 O M\u00d3DULO FROTA?<\/h4>\n<p style=\"text-align: justify;\"><span style=\"font-size: 12pt;\">O M\u00f3dulo Frota \u00e9 um grande aliado no controle e gerenciamento dos gastos na administra\u00e7\u00e3o p\u00fablica, afinal a frota de ve\u00edculos pode representar uma significativa fonte de despesas quando n\u00e3o h\u00e1 controle preciso dos gastos\u00a0com servi\u00e7os de manuten\u00e7\u00e3o, combust\u00edvel, multas e outros.<\/span><\/p>\n<p style=\"text-align: justify;\"><span style=\"font-size: 12pt;\">Um m\u00f3dulo eficiente, que permite coordenar a troca de \u00f3leo e lubrificantes, pe\u00e7as, pneus, revis\u00f5es, viagens, licenciamentos, pagamento de IPVA, seguro, entre outros.<\/span><\/p>\n<p style=\"text-align: justify;\"><span style=\"font-size: 12pt;\">O sistema promove a integra\u00e7\u00e3o com o cadastro de bens patrimoniais e do produtos em almoxarifado, permitindo o acesso aos dados do ve\u00edculo, o cadastro de toda a frota do munic\u00edpio, bem como da m\u00e3o-de-obra da oficina.<\/span><\/p>\n<p style=\"text-align: justify;\"><span style=\"font-size: 12pt;\">Com o M\u00f3dulo Frotas, a administra\u00e7\u00e3o avalia com precis\u00e3o todos os gastos com a frota municipal, buscando alcan\u00e7ar a melhor rela\u00e7\u00e3o custo-benef\u00edcio na utiliza\u00e7\u00e3o dos ve\u00edculos.<\/span><\/p>\n<h4>VANTAGENS M\u00d3DULO FROTA<\/h4>\n<ul>\n<li style=\"text-align: justify;\"><span style=\"font-size: 12pt;\">Permite no cadastro da frota a identifica\u00e7\u00e3o de cada ve\u00edculo ou m\u00e1quina, por meio de uma matr\u00edcula para uso em todo o m\u00f3dulo.<\/span><\/li>\n<li style=\"text-align: justify;\"><span style=\"font-size: 12pt;\">Controla a movimenta\u00e7\u00e3o das pe\u00e7as do estoque, informando a data de uso e o destino das mesmas.<\/span><\/li>\n<li style=\"text-align: justify;\"><span style=\"font-size: 12pt;\">Controla a m\u00e3o-de-obra pr\u00f3pria ou terceirizada, assim como a entrada e sa\u00edda de combust\u00edvel.<\/span><\/li>\n<li style=\"text-align: justify;\"><span style=\"font-size: 12pt;\">Registra o controle dos itens por ve\u00edculo: quilometragem ou hora de uso; roteiro para identifica\u00e7\u00e3o do motorista e da quilometragem para cada viagem; revis\u00f5es peri\u00f3dicas; IPVA e licenciamento, seguro e multas de tr\u00e2nsito.<\/span><\/li>\n<li style=\"text-align: justify;\"><span style=\"font-size: 12pt;\">Integra\u00e7\u00e3o com o M\u00f3dulo Gest\u00e3o Pessoal, permitindo o registro do motorista servidor e o controle da data de vencimento da CNH.<\/span><\/li>\n<li style=\"text-align: justify;\"><span style=\"font-size: 12pt;\">Emite relat\u00f3rio de acompanhamento de ve\u00edculos e m\u00e1quinas, por meio de dados cadastrais, quilometragem ou hora de uso, abastecimentos, consumo m\u00e9dio de combust\u00edvel, revis\u00f5es, manuten\u00e7\u00f5es, IPVA, seguro e multas.<\/span><\/li>\n<li style=\"text-align: justify;\"><span style=\"font-size: 12pt;\">Emite relat\u00f3rio anal\u00edtico e sint\u00e9tico dos gastos por ve\u00edculo ou m\u00e1quina, por categoria e pelo \u00f3rg\u00e3o respons\u00e1vel pela despesa dos mesmos.<\/span><\/li>\n<\/ul>\n<\/div>\n<h4><\/h4>\n<\/div>\n","protected":false},"excerpt":{"rendered":"<p>M\u00f3dulo Frota O QUE \u00c9 O M\u00d3DULO FROTA? O M\u00f3dulo Frota \u00e9 um grande aliado no controle e gerenciamento dos gastos na administra\u00e7\u00e3o p\u00fablica, afinal a frota de ve\u00edculos pode representar uma significativa fonte de despesas quando n\u00e3o h\u00e1 controle preciso dos gastos\u00a0com servi\u00e7os de manuten\u00e7\u00e3o, combust\u00edvel, multas e outros. Um m\u00f3dulo eficiente, que permite<\/p>\n","protected":false},"author":1,"featured_media":0,"parent":528,"menu_order":0,"comment_status":"open","ping_status":"open","template":"fullwidth.php","meta":[],"uagb_featured_image_src":{"full":false,"thumbnail":false,"medium":false,"medium_large":false,"large":false,"1536x1536":false,"2048x2048":false,"home_post_thumb":false,"wl_page_thumb":false,"blog_2c_thumb":false},"uagb_author_info":{"display_name":"admin","author_link":"https:\/\/lamper.com.br\/?author=1"},"uagb_comment_info":0,"uagb_excerpt":"M\u00f3dulo Frota O QUE \u00c9 O M\u00d3DULO FROTA? O M\u00f3dulo Frota \u00e9 um grande aliado no controle e gerenciamento dos gastos na administra\u00e7\u00e3o p\u00fablica, afinal a frota de ve\u00edculos pode representar uma significativa fonte de despesas quando n\u00e3o h\u00e1 controle preciso dos gastos\u00a0com servi\u00e7os de manuten\u00e7\u00e3o, combust\u00edvel, multas e outros. Um m\u00f3dulo eficiente, que permite","_links":{"self":[{"href":"https:\/\/lamper.com.br\/index.php?rest_route=\/wp\/v2\/pages\/452"}],"collection":[{"href":"https:\/\/lamper.com.br\/index.php?rest_route=\/wp\/v2\/pages"}],"about":[{"href":"https:\/\/lamper.com.br\/index.php?rest_route=\/wp\/v2\/types\/page"}],"author":[{"embeddable":true,"href":"https:\/\/lamper.com.br\/index.php?rest_route=\/wp\/v2\/users\/1"}],"replies":[{"embeddable":true,"href":"https:\/\/lamper.com.br\/index.php?rest_route=%2Fwp%2Fv2%2Fcomments&post=452"}],"version-history":[{"count":0,"href":"https:\/\/lamper.com.br\/index.php?rest_route=\/wp\/v2\/pages\/452\/revisions"}],"up":[{"embeddable":true,"href":"https:\/\/lamper.com.br\/index.php?rest_route=\/wp\/v2\/pages\/528"}],"wp:attachment":[{"href":"https:\/\/lamper.com.br\/index.php?rest_route=%2Fwp%2Fv2%2Fmedia&parent=452"}],"curies":[{"name":"wp","href":"https:\/\/api.w.org\/{rel}","templated":true}]}}