{"id":472,"date":"2016-07-04T17:23:46","date_gmt":"2016-07-04T21:23:46","guid":{"rendered":"http:\/\/162.243.91.38\/?page_id=472"},"modified":"2016-07-04T17:23:46","modified_gmt":"2016-07-04T21:23:46","slug":"modulo-nfs-e","status":"publish","type":"page","link":"https:\/\/lamper.com.br\/?page_id=472","title":{"rendered":"M\u00f3dulo NFS-e"},"content":{"rendered":"<div>\n<p style=\"text-align: justify;\"><img class=\"alignleft\" src=\"http:\/\/www.prodata.inf.br\/images\/prodata\/modNFSe.jpg\" alt=\"\" width=\"400\" align=\"right\" border=\"0\" \/><\/p>\n<div class=\"page-header\">\n<h2>NFS-e<\/h2>\n<\/div>\n<div>\n<h4>O QUE \u00c9 O M\u00d3DULO NFS-E?<\/h4>\n<p style=\"text-align: justify;\"><span style=\"font-size: 12pt;\">O sistema de Nota Fiscal Eletr\u00f4nica \u00e9 uma maneira eficiente e segura de emiss\u00e3o de notas para servi\u00e7os prestados. Para o contribuinte, todo o processo pode ser feito de maneira online em um ambiente web, com a op\u00e7\u00e3o de enviar os dados via e-mail. Para os \u00f3rg\u00e3os fiscalizadores contribui na diminui\u00e7\u00e3o da sonega\u00e7\u00e3o e, com isso, gera aumento da arrecada\u00e7\u00e3o.<\/span><\/p>\n<p style=\"text-align: justify;\"><span style=\"font-size: 12pt;\">Sua implanta\u00e7\u00e3o \u00e9 r\u00e1pida e f\u00e1cil com comprovada redu\u00e7\u00e3o de custos. Com a Nota Fiscal Eletr\u00f4nica o atendimento na prefeitura, antes direcionado para esta demanda, pode ser aproveitado para outras atividades, pois h\u00e1 a diminui\u00e7\u00e3o do fluxo devido a movimenta\u00e7\u00e3o online. Al\u00e9m disso, todo o sistema est\u00e1 adequado \u00e0s exig\u00eancias legais.<\/span><\/p>\n<h4>QUAIS AS VANTAGENS DO M\u00d3DULO?<\/h4>\n<hr \/>\n<ul>\n<li style=\"text-align: justify;\"><span style=\"font-size: 12pt;\">Armazenamento Seguro de Dados<\/span><\/li>\n<li style=\"text-align: justify;\"><span style=\"font-size: 12pt;\">Monitoramento constante das NFS-e enviadas e recebidas<\/span><\/li>\n<li style=\"text-align: justify;\"><span style=\"font-size: 12pt;\">Documento para auditoria em tempo real<\/span><\/li>\n<li style=\"text-align: justify;\"><span style=\"font-size: 12pt;\">Servi\u00e7o de hospedagem em Data Center<\/span><\/li>\n<li style=\"text-align: justify;\"><span style=\"font-size: 12pt;\">Emiss\u00e3o da NFS-e e gera\u00e7\u00e3o autom\u00e1tica da guia de recolhimento pela internet<\/span><\/li>\n<li style=\"text-align: justify;\"><span style=\"font-size: 12pt;\">Intera\u00e7\u00e3o com SPED por meio de Web Service<\/span><\/li>\n<li style=\"text-align: justify;\"><span style=\"font-size: 12pt;\">Emiss\u00e3o e controle das declara\u00e7\u00f5es para Bancos (DESIF)<\/span><\/li>\n<\/ul>\n<\/div>\n<\/div>\n","protected":false},"excerpt":{"rendered":"<p>NFS-e O QUE \u00c9 O M\u00d3DULO NFS-E? O sistema de Nota Fiscal Eletr\u00f4nica \u00e9 uma maneira eficiente e segura de emiss\u00e3o de notas para servi\u00e7os prestados. Para o contribuinte, todo o processo pode ser feito de maneira online em um ambiente web, com a op\u00e7\u00e3o de enviar os dados via e-mail. Para os \u00f3rg\u00e3os fiscalizadores<\/p>\n","protected":false},"author":1,"featured_media":0,"parent":528,"menu_order":0,"comment_status":"open","ping_status":"open","template":"fullwidth.php","meta":[],"uagb_featured_image_src":{"full":false,"thumbnail":false,"medium":false,"medium_large":false,"large":false,"1536x1536":false,"2048x2048":false,"home_post_thumb":false,"wl_page_thumb":false,"blog_2c_thumb":false},"uagb_author_info":{"display_name":"admin","author_link":"https:\/\/lamper.com.br\/?author=1"},"uagb_comment_info":0,"uagb_excerpt":"NFS-e O QUE \u00c9 O M\u00d3DULO NFS-E? O sistema de Nota Fiscal Eletr\u00f4nica \u00e9 uma maneira eficiente e segura de emiss\u00e3o de notas para servi\u00e7os prestados. Para o contribuinte, todo o processo pode ser feito de maneira online em um ambiente web, com a op\u00e7\u00e3o de enviar os dados via e-mail. Para os \u00f3rg\u00e3os fiscalizadores","_links":{"self":[{"href":"https:\/\/lamper.com.br\/index.php?rest_route=\/wp\/v2\/pages\/472"}],"collection":[{"href":"https:\/\/lamper.com.br\/index.php?rest_route=\/wp\/v2\/pages"}],"about":[{"href":"https:\/\/lamper.com.br\/index.php?rest_route=\/wp\/v2\/types\/page"}],"author":[{"embeddable":true,"href":"https:\/\/lamper.com.br\/index.php?rest_route=\/wp\/v2\/users\/1"}],"replies":[{"embeddable":true,"href":"https:\/\/lamper.com.br\/index.php?rest_route=%2Fwp%2Fv2%2Fcomments&post=472"}],"version-history":[{"count":0,"href":"https:\/\/lamper.com.br\/index.php?rest_route=\/wp\/v2\/pages\/472\/revisions"}],"up":[{"embeddable":true,"href":"https:\/\/lamper.com.br\/index.php?rest_route=\/wp\/v2\/pages\/528"}],"wp:attachment":[{"href":"https:\/\/lamper.com.br\/index.php?rest_route=%2Fwp%2Fv2%2Fmedia&parent=472"}],"curies":[{"name":"wp","href":"https:\/\/api.w.org\/{rel}","templated":true}]}}