{"id":528,"date":"2016-02-04T18:16:40","date_gmt":"2016-02-04T18:16:40","guid":{"rendered":"http:\/\/162.243.91.38\/?page_id=528"},"modified":"2020-12-03T12:37:08","modified_gmt":"2020-12-03T12:37:08","slug":"sistema-sig","status":"publish","type":"page","link":"https:\/\/lamper.com.br\/?page_id=528","title":{"rendered":"Sistema SIG"},"content":{"rendered":"<h2 style=\"text-align: center;\">SISTEMA SIG<\/h2>\n<hr \/>\n<h2 style=\"text-align: center;\"><\/h2>\n<p style=\"text-align: justify;\">O Sistema de Gest\u00e3o P\u00fablica SIG, fornece solu\u00e7\u00f5es completas na Gest\u00e3o Governamental para que o Gestor siga com seguran\u00e7a o seu programa de governo, definindo e acompanhando suas metas, a\u00e7\u00f5es e resultados.<\/p>\n<p style=\"text-align: justify;\">Uma caracter\u00edstica marcante na administra\u00e7\u00e3o p\u00fablica \u00e9 a complexidade de sua gest\u00e3o. Al\u00e9m das adversidades naturais provenientes do grande n\u00famero de pessoas e setores envolvidos, o volume de informa\u00e7\u00f5es que flui nos diversos departamentos, setores ou n\u00facleos gerenciais da cidade dificultam a visualiza\u00e7\u00e3o integral do desenvolvimento das atividades di\u00e1rias.<\/p>\n<p style=\"text-align: justify;\">Entendendo a realidade das prefeituras e de seus gestores, o SIG oferece um sistema que foi otimizado com base nas observa\u00e7\u00f5es de quem utilizou nosso sistema na pr\u00e1tica, ao longo de mais de duas d\u00e9cadas.<\/p>\n<p style=\"text-align: justify;\">Nossos m\u00f3dulos, espec\u00edficos para cada setor municipal, funcionam integrados e com uma linguagem simples, permitindo a visualiza\u00e7\u00e3o em tempo real do andamento de cada \u00e1rea. Dessa forma s\u00e3o dispostas todas as informa\u00e7\u00f5es necess\u00e1rias para que o gestor direcione a administra\u00e7\u00e3o e oriente a gerencia de cada departamento.<\/p>\n<p>&nbsp;<\/p>\n<h3 style=\"text-align: center;\">Apresenta\u00e7\u00e3o Comercial &#8211; Sistema de Gest\u00e3o P\u00fablica SIG<\/h3>\n<hr \/>\n<h3 style=\"text-align: center;\"><\/h3>\n<p>&nbsp;<\/p>\n<p style=\"text-align: center;\"><iframe src=\"\/\/www.youtube.com\/embed\/v5VFIHtwmB0\" width=\"425\" height=\"350\" allowfullscreen=\"allowfullscreen\"><\/iframe><\/p>\n<h3 style=\"text-align: center;\">M\u00f3dulos<\/h3>\n<hr \/>\n<p style=\"text-align: justify;\">Os m\u00f3dulos inter-relacionados de seu Sistema Integrado de Gest\u00e3o facilitam a ger\u00eancia, agregam seguran\u00e7a e possibilitam a\u00e7\u00f5es que geram incremento de receitas, redu\u00e7\u00e3o de custos, transpar\u00eancia administrativa e qualidade de atendimento e servi\u00e7os para o cidad\u00e3o. Com softwares personalizados, o SIG oferece aos clientes a possibilidade de ter controle total do processo administrativo em diferentes \u00e1reas. Conhe\u00e7a um pouco mais sobre os m\u00f3dulos.<\/p>\n<p data-wp-editing=\"1\"><img loading=\"lazy\" class=\"alignnone wp-image-1098 size-thumbnail\" src=\"http:\/\/172.16.0.213\/wp-content\/uploads\/2016\/02\/Captura-de-Tela-2019-06-03-a\u0300s-15.19.49-150x150.png\" alt=\"\" width=\"150\" height=\"150\" \/> <img loading=\"lazy\" class=\"alignnone wp-image-1099 size-thumbnail\" src=\"http:\/\/172.16.0.213\/wp-content\/uploads\/2016\/02\/Captura-de-Tela-2019-06-03-a\u0300s-15.20.05-150x150.png\" alt=\"\" width=\"150\" height=\"150\" \/> <img loading=\"lazy\" class=\"alignnone wp-image-1100 size-thumbnail\" src=\"http:\/\/172.16.0.213\/wp-content\/uploads\/2016\/02\/Captura-de-Tela-2019-06-03-a\u0300s-15.20.14-150x150.png\" alt=\"\" width=\"150\" height=\"150\" \/> <img loading=\"lazy\" class=\"alignnone wp-image-1105 size-thumbnail\" src=\"http:\/\/172.16.0.213\/wp-content\/uploads\/2016\/02\/Captura-de-Tela-2019-06-03-a\u0300s-15.21.04-150x150.png\" alt=\"\" width=\"150\" height=\"150\" \/><img loading=\"lazy\" class=\"alignnone wp-image-1106 size-thumbnail\" src=\"http:\/\/172.16.0.213\/wp-content\/uploads\/2016\/02\/Captura-de-Tela-2019-06-03-a\u0300s-15.21.10-150x150.png\" alt=\"\" width=\"150\" height=\"150\" \/>\u00a0 <img loading=\"lazy\" class=\"alignnone wp-image-1107 size-thumbnail\" src=\"http:\/\/172.16.0.213\/wp-content\/uploads\/2016\/02\/Captura-de-Tela-2019-06-03-a\u0300s-15.21.16-150x150.png\" alt=\"\" width=\"150\" height=\"150\" \/> <img loading=\"lazy\" class=\"alignnone wp-image-1109 size-thumbnail\" src=\"http:\/\/172.16.0.213\/wp-content\/uploads\/2016\/02\/Captura-de-Tela-2019-06-03-a\u0300s-15.23.35-150x150.png\" alt=\"\" width=\"150\" height=\"150\" \/> <img loading=\"lazy\" class=\"alignnone wp-image-1110 size-thumbnail\" src=\"http:\/\/172.16.0.213\/wp-content\/uploads\/2016\/02\/Captura-de-Tela-2019-06-03-a\u0300s-15.23.41-150x150.png\" alt=\"\" width=\"150\" height=\"150\" \/> <img loading=\"lazy\" class=\"alignnone wp-image-1111 size-thumbnail\" src=\"http:\/\/172.16.0.213\/wp-content\/uploads\/2016\/02\/Captura-de-Tela-2019-06-03-a\u0300s-15.23.48-150x150.png\" alt=\"\" width=\"150\" height=\"150\" \/> <img loading=\"lazy\" class=\"alignnone wp-image-1113 size-thumbnail\" src=\"http:\/\/172.16.0.213\/wp-content\/uploads\/2016\/02\/Captura-de-Tela-2019-06-03-a\u0300s-15.24.02-150x150.png\" alt=\"\" width=\"150\" height=\"150\" \/> <img loading=\"lazy\" class=\"alignnone wp-image-1115 size-thumbnail\" src=\"http:\/\/172.16.0.213\/wp-content\/uploads\/2016\/02\/Captura-de-Tela-2019-06-03-a\u0300s-15.24.19-150x150.png\" alt=\"\" width=\"150\" height=\"150\" \/> <img loading=\"lazy\" class=\"alignnone wp-image-1118 size-thumbnail\" src=\"http:\/\/172.16.0.213\/wp-content\/uploads\/2016\/02\/Captura-de-Tela-2019-06-03-a\u0300s-15.24.41-150x150.png\" alt=\"\" width=\"150\" height=\"150\" \/> <img loading=\"lazy\" class=\"alignnone wp-image-1119 size-thumbnail\" src=\"http:\/\/172.16.0.213\/wp-content\/uploads\/2016\/02\/Captura-de-Tela-2019-06-03-a\u0300s-15.24.47-150x150.png\" alt=\"\" width=\"150\" height=\"150\" \/> <img loading=\"lazy\" class=\"alignnone wp-image-1120 size-thumbnail\" src=\"http:\/\/172.16.0.213\/wp-content\/uploads\/2016\/02\/Captura-de-Tela-2019-06-03-a\u0300s-15.24.52-150x150.png\" alt=\"\" width=\"150\" height=\"150\" \/> <img loading=\"lazy\" class=\"alignnone wp-image-1121 size-thumbnail\" src=\"http:\/\/172.16.0.213\/wp-content\/uploads\/2016\/02\/Captura-de-Tela-2019-06-03-a\u0300s-15.24.56-150x150.png\" alt=\"\" width=\"150\" height=\"150\" \/> <img loading=\"lazy\" class=\"alignnone wp-image-1134 size-thumbnail\" src=\"http:\/\/172.16.0.213\/wp-content\/uploads\/2016\/02\/Captura-de-Tela-2019-06-03-a\u0300s-16.18.04-150x150.png\" alt=\"\" width=\"150\" height=\"150\" \/> <img loading=\"lazy\" class=\"alignnone wp-image-1129 size-thumbnail\" src=\"http:\/\/172.16.0.213\/wp-content\/uploads\/2016\/02\/Captura-de-Tela-2019-06-03-a\u0300s-15.25.23-150x150.png\" alt=\"\" width=\"150\" height=\"150\" \/><\/p>\n<p>&nbsp;<\/p>\n<p><center><\/center>&nbsp;<\/p>\n","protected":false},"excerpt":{"rendered":"<p>SISTEMA SIG O Sistema de Gest\u00e3o P\u00fablica SIG, fornece solu\u00e7\u00f5es completas na Gest\u00e3o Governamental para que o Gestor siga com seguran\u00e7a o seu programa de governo, definindo e acompanhando suas metas, a\u00e7\u00f5es e resultados. Uma caracter\u00edstica marcante na administra\u00e7\u00e3o p\u00fablica \u00e9 a complexidade de sua gest\u00e3o. Al\u00e9m das adversidades naturais provenientes do grande n\u00famero de<\/p>\n","protected":false},"author":1,"featured_media":0,"parent":0,"menu_order":0,"comment_status":"closed","ping_status":"closed","template":"fullwidth.php","meta":[],"uagb_featured_image_src":{"full":false,"thumbnail":false,"medium":false,"medium_large":false,"large":false,"1536x1536":false,"2048x2048":false,"home_post_thumb":false,"wl_page_thumb":false,"blog_2c_thumb":false},"uagb_author_info":{"display_name":"admin","author_link":"https:\/\/lamper.com.br\/?author=1"},"uagb_comment_info":0,"uagb_excerpt":"SISTEMA SIG O Sistema de Gest\u00e3o P\u00fablica SIG, fornece solu\u00e7\u00f5es completas na Gest\u00e3o Governamental para que o Gestor siga com seguran\u00e7a o seu programa de governo, definindo e acompanhando suas metas, a\u00e7\u00f5es e resultados. Uma caracter\u00edstica marcante na administra\u00e7\u00e3o p\u00fablica \u00e9 a complexidade de sua gest\u00e3o. Al\u00e9m das adversidades naturais provenientes do grande n\u00famero de","_links":{"self":[{"href":"https:\/\/lamper.com.br\/index.php?rest_route=\/wp\/v2\/pages\/528"}],"collection":[{"href":"https:\/\/lamper.com.br\/index.php?rest_route=\/wp\/v2\/pages"}],"about":[{"href":"https:\/\/lamper.com.br\/index.php?rest_route=\/wp\/v2\/types\/page"}],"author":[{"embeddable":true,"href":"https:\/\/lamper.com.br\/index.php?rest_route=\/wp\/v2\/users\/1"}],"replies":[{"embeddable":true,"href":"https:\/\/lamper.com.br\/index.php?rest_route=%2Fwp%2Fv2%2Fcomments&post=528"}],"version-history":[{"count":3,"href":"https:\/\/lamper.com.br\/index.php?rest_route=\/wp\/v2\/pages\/528\/revisions"}],"predecessor-version":[{"id":1207,"href":"https:\/\/lamper.com.br\/index.php?rest_route=\/wp\/v2\/pages\/528\/revisions\/1207"}],"wp:attachment":[{"href":"https:\/\/lamper.com.br\/index.php?rest_route=%2Fwp%2Fv2%2Fmedia&parent=528"}],"curies":[{"name":"wp","href":"https:\/\/api.w.org\/{rel}","templated":true}]}}