{"id":566,"date":"2016-02-05T13:11:42","date_gmt":"2016-02-05T13:11:42","guid":{"rendered":"http:\/\/162.243.91.38\/?page_id=566"},"modified":"2016-02-05T13:11:42","modified_gmt":"2016-02-05T13:11:42","slug":"portal-transparencia","status":"publish","type":"page","link":"https:\/\/lamper.com.br\/?page_id=566","title":{"rendered":"Portal Transpar\u00eancia"},"content":{"rendered":"<h2 style=\"text-align: center;\">Portal da Transpar\u00eancia LC 131<\/h2>\n<hr \/>\n<p style=\"text-align: justify;\">M\u00f3dulo em conformidade com a LC 131 de 27 de maio de 2009, que normatiza a disponibiliza\u00e7\u00e3o em tempo real das informa\u00e7\u00f5es sobre execu\u00e7\u00e3o or\u00e7ament\u00e1ria, financeira da Uni\u00e3o, Estados e Munic\u00edpios, apresentamos nosso PORTAL DA TRANSPAR\u00caNCIA, onde o contribuinte\u00a0poder\u00e1 encontrar informa\u00e7\u00f5es em tempo real sobre Despesas (Empenhos, contratos, licita\u00e7\u00f5es, pagamentos), arrecada\u00e7\u00e3o de receitas municipais, quadro de servidores p\u00fablicos, al\u00e9m de acompanhamento dos \u00edndices de aplica\u00e7\u00e3o em sa\u00fade, educa\u00e7\u00e3o e pessoal, conforme preceitua a L.R.F. (Lei de Responsabilidade Fiscal).<\/p>\n<p>&nbsp;<\/p>\n<p><center><a href=\"http:\/\/172.16.0.213\/wp-content\/uploads\/2016\/02\/2016-06-15_15h09_05.png\"><img loading=\"lazy\" src=\"http:\/\/172.16.0.213\/wp-content\/uploads\/2016\/02\/2016-06-15_15h09_05.png\" alt=\"\" width=\"3000%\" height=\"auto\"><\/img><\/a><\/center><\/p>\n","protected":false},"excerpt":{"rendered":"<p>Portal da Transpar\u00eancia LC 131 M\u00f3dulo em conformidade com a LC 131 de 27 de maio de 2009, que normatiza a disponibiliza\u00e7\u00e3o em tempo real das informa\u00e7\u00f5es sobre execu\u00e7\u00e3o or\u00e7ament\u00e1ria, financeira da Uni\u00e3o, Estados e Munic\u00edpios, apresentamos nosso PORTAL DA TRANSPAR\u00caNCIA, onde o contribuinte\u00a0poder\u00e1 encontrar informa\u00e7\u00f5es em tempo real sobre Despesas (Empenhos, contratos, licita\u00e7\u00f5es, pagamentos),<\/p>\n","protected":false},"author":1,"featured_media":0,"parent":528,"menu_order":0,"comment_status":"closed","ping_status":"closed","template":"fullwidth.php","meta":[],"uagb_featured_image_src":{"full":false,"thumbnail":false,"medium":false,"medium_large":false,"large":false,"1536x1536":false,"2048x2048":false,"home_post_thumb":false,"wl_page_thumb":false,"blog_2c_thumb":false},"uagb_author_info":{"display_name":"admin","author_link":"https:\/\/lamper.com.br\/?author=1"},"uagb_comment_info":0,"uagb_excerpt":"Portal da Transpar\u00eancia LC 131 M\u00f3dulo em conformidade com a LC 131 de 27 de maio de 2009, que normatiza a disponibiliza\u00e7\u00e3o em tempo real das informa\u00e7\u00f5es sobre execu\u00e7\u00e3o or\u00e7ament\u00e1ria, financeira da Uni\u00e3o, Estados e Munic\u00edpios, apresentamos nosso PORTAL DA TRANSPAR\u00caNCIA, onde o contribuinte\u00a0poder\u00e1 encontrar informa\u00e7\u00f5es em tempo real sobre Despesas (Empenhos, contratos, licita\u00e7\u00f5es, pagamentos),","_links":{"self":[{"href":"https:\/\/lamper.com.br\/index.php?rest_route=\/wp\/v2\/pages\/566"}],"collection":[{"href":"https:\/\/lamper.com.br\/index.php?rest_route=\/wp\/v2\/pages"}],"about":[{"href":"https:\/\/lamper.com.br\/index.php?rest_route=\/wp\/v2\/types\/page"}],"author":[{"embeddable":true,"href":"https:\/\/lamper.com.br\/index.php?rest_route=\/wp\/v2\/users\/1"}],"replies":[{"embeddable":true,"href":"https:\/\/lamper.com.br\/index.php?rest_route=%2Fwp%2Fv2%2Fcomments&post=566"}],"version-history":[{"count":0,"href":"https:\/\/lamper.com.br\/index.php?rest_route=\/wp\/v2\/pages\/566\/revisions"}],"up":[{"embeddable":true,"href":"https:\/\/lamper.com.br\/index.php?rest_route=\/wp\/v2\/pages\/528"}],"wp:attachment":[{"href":"https:\/\/lamper.com.br\/index.php?rest_route=%2Fwp%2Fv2%2Fmedia&parent=566"}],"curies":[{"name":"wp","href":"https:\/\/api.w.org\/{rel}","templated":true}]}}